{"id":438,"date":"2021-04-13T11:19:49","date_gmt":"2021-04-13T09:19:49","guid":{"rendered":"http:\/\/champagne-christophe-martin.fr\/?post_type=product&#038;p=438"},"modified":"2025-09-03T16:18:17","modified_gmt":"2025-09-03T14:18:17","slug":"tradition","status":"publish","type":"product","link":"https:\/\/www.champagne-christophe-martin.fr\/en\/product\/tradition\/","title":{"rendered":"Tradition"},"content":{"rendered":"","protected":false},"excerpt":{"rendered":"<p>Cuve\u0301e de re\u0301fe\u0301rence de notre exploitation, c&rsquo;est l&rsquo;assemblage de l&rsquo;ensemble de nos terroirs en respectant les proportions de notre ence\u0301pagement.<\/p>\n<div class=\"page\" title=\"Page 2\">\n<div class=\"section\">\n<div class=\"layoutArea\">\n<div class=\"column\">\n<p>Sa robe jaune tendre et dore\u0301e vous enchantera. Ses subtiles notes de fruits frais, d\u2019agrumes et de miel forment un e\u0301ventail d\u2019aro\u0302mes se\u0301duisants par leur droiture et leur g\u00e9n\u00e9rosit\u00e9 qui raviront votre nez. Sa mise en bouche est structure\u0301e et tout en rondeur.<\/p>\n<p>Il est l\u2019ho\u0302te ide\u0301al de tous vos instants festifs. Sa finesse et son caracte\u0300re fruite\u0301 seront appre\u0301cie\u0301s a\u0300 l\u2019ape\u0301ritif, lors de vos cocktails mais aussi tout au long d\u2019un repas.<\/p>\n<\/div>\n<\/div>\n<\/div>\n<\/div>\n<div class=\"page\" title=\"Page 2\">\n<div class=\"section\">\n<div class=\"layoutArea\">\n<div class=\"column\">\n<p>60 % Chardonnay \u2022 35 % Pinot Noir \u2022 5 % Meunier<\/p>\n<p>Oiry \u2022 Chouilly \u2022 Mareuil-sur-Ay\u0308 \u2022 Avenay-Val-d\u2019Or \u2022 Epernay<\/p>\n<p><a style=\"text-decoration: underline;\" href=\"https:\/\/www.champagne-christophe-martin.fr\/wp-content\/uploads\/2023\/01\/CHAMPAGNE_BB_NH.pdf\" target=\"_blank\" rel=\"noopener\">T\u00e9l\u00e9charger la fiche technique<\/a><\/p>\n<\/div>\n<\/div>\n<\/div>\n<\/div>\n<p>&nbsp;<\/p>\n<p style=\"padding: 10px; border: 1px solid #836b3a; border-radius: 4px; text-align: center;\">Cette cuv\u00e9e est \u00e9galement disponible en R\u00e9hoboam et Mathusalem. <a style=\"text-decoration: underline;\" href=\"mailto:contact@champagne-christophe-martin.fr\">Contactez-nous<\/a> pour plus d&rsquo;informations.<\/p>","protected":false},"featured_media":939,"template":"","meta":{"ocean_post_layout":"","ocean_both_sidebars_style":"","ocean_both_sidebars_content_width":0,"ocean_both_sidebars_sidebars_width":0,"ocean_sidebar":"0","ocean_second_sidebar":"0","ocean_disable_margins":"enable","ocean_add_body_class":"","ocean_shortcode_before_top_bar":"","ocean_shortcode_after_top_bar":"","ocean_shortcode_before_header":"","ocean_shortcode_after_header":"","ocean_has_shortcode":"","ocean_shortcode_after_title":"","ocean_shortcode_before_footer_widgets":"","ocean_shortcode_after_footer_widgets":"","ocean_shortcode_before_footer_bottom":"","ocean_shortcode_after_footer_bottom":"","ocean_display_top_bar":"default","ocean_display_header":"default","ocean_header_style":"","ocean_center_header_left_menu":"0","ocean_custom_header_template":"0","ocean_custom_logo":0,"ocean_custom_retina_logo":0,"ocean_custom_logo_max_width":0,"ocean_custom_logo_tablet_max_width":0,"ocean_custom_logo_mobile_max_width":0,"ocean_custom_logo_max_height":0,"ocean_custom_logo_tablet_max_height":0,"ocean_custom_logo_mobile_max_height":0,"ocean_header_custom_menu":"0","ocean_menu_typo_font_family":"0","ocean_menu_typo_font_subset":"","ocean_menu_typo_font_size":0,"ocean_menu_typo_font_size_tablet":0,"ocean_menu_typo_font_size_mobile":0,"ocean_menu_typo_font_size_unit":"px","ocean_menu_typo_font_weight":"","ocean_menu_typo_font_weight_tablet":"","ocean_menu_typo_font_weight_mobile":"","ocean_menu_typo_transform":"","ocean_menu_typo_transform_tablet":"","ocean_menu_typo_transform_mobile":"","ocean_menu_typo_line_height":0,"ocean_menu_typo_line_height_tablet":0,"ocean_menu_typo_line_height_mobile":0,"ocean_menu_typo_line_height_unit":"","ocean_menu_typo_spacing":0,"ocean_menu_typo_spacing_tablet":0,"ocean_menu_typo_spacing_mobile":0,"ocean_menu_typo_spacing_unit":"","ocean_menu_link_color":"","ocean_menu_link_color_hover":"","ocean_menu_link_color_active":"","ocean_menu_link_background":"","ocean_menu_link_hover_background":"","ocean_menu_link_active_background":"","ocean_menu_social_links_bg":"","ocean_menu_social_hover_links_bg":"","ocean_menu_social_links_color":"","ocean_menu_social_hover_links_color":"","ocean_disable_title":"default","ocean_disable_heading":"default","ocean_post_title":"Assemblages - Tradition","ocean_post_subheading":"<a href=\"https:\/\/www.champagne-christophe-martin.fr\/notreboutique\/\" style=\"color:#555;font-size:14px;text-decoration:underline\">Retour \u00e0 la boutique<\/a>","ocean_post_title_style":"","ocean_post_title_background_color":"","ocean_post_title_background":0,"ocean_post_title_bg_image_position":"","ocean_post_title_bg_image_attachment":"","ocean_post_title_bg_image_repeat":"","ocean_post_title_bg_image_size":"","ocean_post_title_height":0,"ocean_post_title_bg_overlay":0.5,"ocean_post_title_bg_overlay_color":"","ocean_disable_breadcrumbs":"default","ocean_breadcrumbs_color":"","ocean_breadcrumbs_separator_color":"","ocean_breadcrumbs_links_color":"","ocean_breadcrumbs_links_hover_color":"","ocean_display_footer_widgets":"default","ocean_display_footer_bottom":"default","ocean_custom_footer_template":"0"},"product_brand":[],"product_cat":[35],"product_tag":[],"class_list":{"0":"post-438","1":"product","2":"type-product","3":"status-publish","4":"has-post-thumbnail","6":"product_cat-assemblages","8":"entry","9":"has-media","11":"first","12":"instock","13":"taxable","14":"shipping-taxable","15":"purchasable","16":"product-type-variable","17":"col","18":"span_1_of_3","19":"owp-content-center","20":"owp-thumbs-layout-horizontal","21":"owp-btn-big","22":"owp-tabs-layout-section"},"_links":{"self":[{"href":"https:\/\/www.champagne-christophe-martin.fr\/en\/wp-json\/wp\/v2\/product\/438","targetHints":{"allow":["GET"]}}],"collection":[{"href":"https:\/\/www.champagne-christophe-martin.fr\/en\/wp-json\/wp\/v2\/product"}],"about":[{"href":"https:\/\/www.champagne-christophe-martin.fr\/en\/wp-json\/wp\/v2\/types\/product"}],"wp:featuredmedia":[{"embeddable":true,"href":"https:\/\/www.champagne-christophe-martin.fr\/en\/wp-json\/wp\/v2\/media\/939"}],"wp:attachment":[{"href":"https:\/\/www.champagne-christophe-martin.fr\/en\/wp-json\/wp\/v2\/media?parent=438"}],"wp:term":[{"taxonomy":"product_brand","embeddable":true,"href":"https:\/\/www.champagne-christophe-martin.fr\/en\/wp-json\/wp\/v2\/product_brand?post=438"},{"taxonomy":"product_cat","embeddable":true,"href":"https:\/\/www.champagne-christophe-martin.fr\/en\/wp-json\/wp\/v2\/product_cat?post=438"},{"taxonomy":"product_tag","embeddable":true,"href":"https:\/\/www.champagne-christophe-martin.fr\/en\/wp-json\/wp\/v2\/product_tag?post=438"}],"curies":[{"name":"wp","href":"https:\/\/api.w.org\/{rel}","templated":true}]}}